{"id":1661,"date":"2019-09-16T09:02:53","date_gmt":"2019-09-16T09:02:53","guid":{"rendered":"https:\/\/copis.webtest.cat\/qui-som\/"},"modified":"2023-02-28T13:31:00","modified_gmt":"2023-02-28T13:31:00","slug":"quienes-somos","status":"publish","type":"page","link":"https:\/\/copisteriasantceloni.com\/es\/quienes-somos\/","title":{"rendered":"Qui\u00e9nes somos"},"content":{"rendered":"<div class=\"wpb-content-wrapper\"><p>[vc_row equal_height=\u00bbyes\u00bb content_placement=\u00bbtop\u00bb css=\u00bb.vc_custom_1571477891398{padding-top: 70px !important;padding-bottom: 50px !important;}\u00bb][vc_column width=\u00bb1\/3&#8243; css=\u00bb.vc_custom_1571477821281{padding-bottom: 30px !important;}\u00bb]<div id=\"ultimate-heading-495569e309867fca7\" class=\"uvc-heading ult-adjust-bottom-margin ultimate-heading-495569e309867fca7 uvc-1006 \" data-hspacer=\"no_spacer\"  data-halign=\"left\" style=\"text-align:left\"><div class=\"uvc-heading-spacer no_spacer\" style=\"top\"><\/div><div class=\"uvc-main-heading ult-responsive\"  data-ultimate-target='.uvc-heading.ultimate-heading-495569e309867fca7 h2'  data-responsive-json-new='{\"font-size\":\"tablet_portrait:34px;\",\"line-height\":\"tablet_portrait:44px;\"}' ><h2 style=\"--font-weight:theme;margin-bottom:20px;\">Somos tu copister\u00eda, papeler\u00eda e imprenta de confianza<\/h2><\/div><\/div>[\/vc_column][vc_column width=\u00bb2\/3&#8243; css=\u00bb.vc_custom_1571477868281{padding-bottom: 30px !important;}\u00bb][vc_column_text]Con m\u00e1s de 30 a\u00f1os de experiencia en el mercado, fundada en 1991. Desde entonces, nos hemos esforzado por ofrecer servicios de copiado, imprenta y papeler\u00eda de alta calidad a precios asequibles para nuestros clientes. Nos enorgullece ser una <strong>empresa reconocida y de confianza en Sant Celoni y la comarca<\/strong>, y siempre estamos trabajando para mejorar y ampliar nuestros servicios para ayudar a nuestros clientes a crear, reproducir y personalizar materiales impresos de forma eficiente y econ\u00f3mica, lo que les permite conseguir sus objetivos de marketing y comunicaci\u00f3n de una forma m\u00e1s efectiva.<\/p>\n<p><strong>Nuestro equipo est\u00e1 formado por expertos en la industria gr\u00e1fica<\/strong>, con a\u00f1os de experiencia y compromiso incansable con la satisfacci\u00f3n del cliente. Trabajamos con los equipos m\u00e1s avanzados y tecnolog\u00eda de \u00faltima generaci\u00f3n para garantizar que cada copia o trabajo impreso sea perfecto tanto en calidad como en precisi\u00f3n.[\/vc_column_text][\/vc_column][\/vc_row][vc_row full_width=\u00bbstretch_row_content_no_spaces\u00bb equal_height=\u00bbyes\u00bb content_placement=\u00bbtop\u00bb bg_type=\u00bbbg_color\u00bb css=\u00bb.vc_custom_1676297533771{padding-top: 60px !important;padding-bottom: 0px !important;}\u00bb bg_color_value=\u00bb#f6f6f6&#8243;][vc_column css=\u00bb.vc_custom_1676297527741{padding-right: 0px !important;padding-left: 0px !important;}\u00bb][vc_row_inner css=\u00bb.vc_custom_1676297567999{padding-top: 30px !important;padding-right: 60px !important;padding-left: 60px !important;}\u00bb][vc_column_inner][vc_column_text]<strong>Queremos ser tu copister\u00eda, papeler\u00eda e imprenta de elecci\u00f3n, ofreciendo una amplia gama de servicios de impresi\u00f3n de alta calidad a precios asequibles, con un enfoque en la satisfacci\u00f3n del cliente y el compromiso con la excelencia. Nos esforzamos por mantener un equipo altamente capacitado y motivado y por utilizar tecnolog\u00eda de vanguardia para garantizar resultados precisos y fiables. Trabajamos de forma \u00e9tica y responsable para contribuir al \u00e9xito de nuestros clientes y a un mejor futuro para todos.<\/strong>[\/vc_column_text][\/vc_column_inner][\/vc_row_inner][vc_empty_space][vc_single_image image=\u00bb1470&#8243; img_size=\u00bbfull\u00bb][\/vc_column][\/vc_row][vc_row equal_height=\u00bbyes\u00bb content_placement=\u00bbtop\u00bb css=\u00bb.vc_custom_1571477891398{padding-top: 70px !important;padding-bottom: 50px !important;}\u00bb][vc_column width=\u00bb1\/3&#8243; css=\u00bb.vc_custom_1571477821281{padding-bottom: 30px !important;}\u00bb][vc_column_text]<\/p>\n<h3>Nuestro compromiso con nuestros clientes:<\/h3>\n<p>[\/vc_column_text][\/vc_column][vc_column width=\u00bb2\/3&#8243; css=\u00bb.vc_custom_1571477868281{padding-bottom: 30px !important;}\u00bb]<div class=\"standard-arrow list-divider bullet-top\"><ul>\n<li>Precisi\u00f3n y fiabilidad en la reproducci\u00f3n de documentos y materiales.<\/li>\n<li>Capacidad de producir grandes cantidades de materiales impresos en tiempos cortos.<\/li>\n<li>Oferta de servicios personalizados y soluciones a medida.<\/li>\n<li>Acceso a expertos en dise\u00f1o gr\u00e1fico y soluciones de impresi\u00f3n.<\/li>\n<li>Amplia gama de productos de papeler\u00eda, escritura y material de oficina.<\/li>\n<li>Productos para tu organizaci\u00f3n como agendas, blogs, archivadores y accesorios.<\/li>\n<li>Servicio de entrega puntual y fiable.<\/li>\n<li><\/li>\n<\/ul>\n<\/div>[\/vc_column][\/vc_row][vc_row full_width=\u00bbstretch_row_content_no_spaces\u00bb content_placement=\u00bbmiddle\u00bb bg_type=\u00bbbg_color\u00bb bg_color_value=\u00bb#a8e4e5&#8243; css=\u00bb.vc_custom_1676297167772{padding-top: 0px !important;padding-bottom: 0px !important;}\u00bb][vc_column width=\u00bb1\/2&#8243;][vc_single_image image=\u00bb1488&#8243; img_size=\u00bbfull\u00bb][\/vc_column][vc_column width=\u00bb1\/2&#8243;][vc_row_inner css=\u00bb.vc_custom_1676297464774{padding-top: 60px !important;padding-right: 40px !important;padding-bottom: 40px !important;padding-left: 40px !important;}\u00bb][vc_column_inner][vc_column_text]<\/p>\n<h5 style=\"text-align: center;\">Si buscas una copister\u00eda fiable, eficiente y de confianza, est\u00e1s en el sitio correcto.<\/h5>\n<h3 style=\"text-align: center;\">Cont\u00e1ctanos hoy mismo para obtener m\u00e1s informaci\u00f3n sobre nuestros servicios y c\u00f3mo te podemos ayudar.<\/h3>\n<p>[\/vc_column_text][vc_empty_space]<div class=\" ubtn-ctn-center \"><a class=\"ubtn-link ult-adjust-bottom-margin ubtn-center ubtn-large \" href=\"\/es\/contacto\/\" ><button type=\"button\" id=\"ubtn-7442\"  class=\"ubtn ult-adjust-bottom-margin ult-responsive ubtn-large ubtn-no-hover-bg  none  ubtn-center   tooltip-69e309867fdf1\"  data-hover=\"\" data-border-color=\"\" data-bg=\"#ffffff\" data-hover-bg=\"#1e73be\" data-border-hover=\"\" data-shadow-hover=\"\" data-shadow-click=\"none\" data-shadow=\"\" data-shd-shadow=\"\"  data-ultimate-target='#ubtn-7442'  data-responsive-json-new='{\"font-size\":\"desktop:16px;\",\"line-height\":\"\"}'  style=\"font-family:&#039;Inter&#039;;font-weight:800;border:none;background: #ffffff;color: #000000;\"><span class=\"ubtn-hover\" style=\"background-color:#1e73be\"><\/span><span class=\"ubtn-data ubtn-text \" >CONTACTO<\/span><\/button><\/a><\/div>[\/vc_column_inner][\/vc_row_inner][\/vc_column][\/vc_row]<\/p>\n<\/div>","protected":false},"excerpt":{"rendered":"<p>[vc_row equal_height=\u00bbyes\u00bb content_placement=\u00bbtop\u00bb css=\u00bb.vc_custom_1571477891398{padding-top: 70px !important;padding-bottom: 50px !important;}\u00bb][vc_column width=\u00bb1\/3&#8243; css=\u00bb.vc_custom_1571477821281{padding-bottom: 30px !important;}\u00bb][\/vc_column][vc_column width=\u00bb2\/3&#8243; css=\u00bb.vc_custom_1571477868281{padding-bottom: 30px !important;}\u00bb][vc_column_text]Con m\u00e1s de 30 a\u00f1os de experiencia en el mercado, fundada en 1991. Desde entonces, nos hemos esforzado por ofrecer servicios de copiado, imprenta y papeler\u00eda de alta calidad a precios asequibles para nuestros clientes. Nos enorgullece ser una empresa&hellip;<\/p>\n","protected":false},"author":1,"featured_media":0,"parent":0,"menu_order":0,"comment_status":"closed","ping_status":"closed","template":"","meta":{"footnotes":""},"class_list":["post-1661","page","type-page","status-publish","hentry","description-off"],"yoast_head":"<!-- This site is optimized with the Yoast SEO plugin v27.4 - https:\/\/yoast.com\/product\/yoast-seo-wordpress\/ -->\n<title>Qui\u00e9nes somos - Copisteria Sant Celoni<\/title>\n<meta name=\"robots\" content=\"index, follow, max-snippet:-1, max-image-preview:large, max-video-preview:-1\" \/>\n<link rel=\"canonical\" href=\"https:\/\/copis.webtest.cat\/es\/quienes-somos\/\" \/>\n<meta property=\"og:locale\" content=\"es_ES\" \/>\n<meta property=\"og:type\" content=\"article\" \/>\n<meta property=\"og:title\" content=\"Qui\u00e9nes somos - Copisteria Sant Celoni\" \/>\n<meta property=\"og:description\" content=\"[vc_row equal_height=\u00bbyes\u00bb content_placement=\u00bbtop\u00bb css=\u00bb.vc_custom_1571477891398{padding-top: 70px !important;padding-bottom: 50px !important;}\u00bb][vc_column width=\u00bb1\/3&#8243; css=\u00bb.vc_custom_1571477821281{padding-bottom: 30px !important;}\u00bb][\/vc_column][vc_column width=\u00bb2\/3&#8243; css=\u00bb.vc_custom_1571477868281{padding-bottom: 30px !important;}\u00bb][vc_column_text]Con m\u00e1s de 30 a\u00f1os de experiencia en el mercado, fundada en 1991. Desde entonces, nos hemos esforzado por ofrecer servicios de copiado, imprenta y papeler\u00eda de alta calidad a precios asequibles para nuestros clientes. Nos enorgullece ser una empresa&hellip;\" \/>\n<meta property=\"og:url\" content=\"https:\/\/copis.webtest.cat\/es\/quienes-somos\/\" \/>\n<meta property=\"og:site_name\" content=\"Copisteria Sant Celoni\" \/>\n<meta property=\"article:modified_time\" content=\"2023-02-28T13:31:00+00:00\" \/>\n<meta name=\"twitter:card\" content=\"summary_large_image\" \/>\n<meta name=\"twitter:label1\" content=\"Tiempo de lectura\" \/>\n\t<meta name=\"twitter:data1\" content=\"3 minutos\" \/>\n<script type=\"application\/ld+json\" class=\"yoast-schema-graph\">{\"@context\":\"https:\\\/\\\/schema.org\",\"@graph\":[{\"@type\":\"WebPage\",\"@id\":\"https:\\\/\\\/copis.webtest.cat\\\/es\\\/quienes-somos\\\/\",\"url\":\"https:\\\/\\\/copis.webtest.cat\\\/es\\\/quienes-somos\\\/\",\"name\":\"Qui\u00e9nes somos - Copisteria Sant Celoni\",\"isPartOf\":{\"@id\":\"https:\\\/\\\/copis.webtest.cat\\\/#website\"},\"datePublished\":\"2019-09-16T09:02:53+00:00\",\"dateModified\":\"2023-02-28T13:31:00+00:00\",\"breadcrumb\":{\"@id\":\"https:\\\/\\\/copis.webtest.cat\\\/es\\\/quienes-somos\\\/#breadcrumb\"},\"inLanguage\":\"es\",\"potentialAction\":[{\"@type\":\"ReadAction\",\"target\":[\"https:\\\/\\\/copis.webtest.cat\\\/es\\\/quienes-somos\\\/\"]}]},{\"@type\":\"BreadcrumbList\",\"@id\":\"https:\\\/\\\/copis.webtest.cat\\\/es\\\/quienes-somos\\\/#breadcrumb\",\"itemListElement\":[{\"@type\":\"ListItem\",\"position\":1,\"name\":\"Inici\",\"item\":\"https:\\\/\\\/copis.webtest.cat\\\/es\\\/\"},{\"@type\":\"ListItem\",\"position\":2,\"name\":\"Qui\u00e9nes somos\"}]},{\"@type\":\"WebSite\",\"@id\":\"https:\\\/\\\/copis.webtest.cat\\\/#website\",\"url\":\"https:\\\/\\\/copis.webtest.cat\\\/\",\"name\":\"Copisteria Sant Celoni\",\"description\":\"La teva copisteria i papereria de confian\u00e7a\",\"potentialAction\":[{\"@type\":\"SearchAction\",\"target\":{\"@type\":\"EntryPoint\",\"urlTemplate\":\"https:\\\/\\\/copis.webtest.cat\\\/?s={search_term_string}\"},\"query-input\":{\"@type\":\"PropertyValueSpecification\",\"valueRequired\":true,\"valueName\":\"search_term_string\"}}],\"inLanguage\":\"es\"}]}<\/script>\n<!-- \/ Yoast SEO plugin. -->","yoast_head_json":{"title":"Qui\u00e9nes somos - Copisteria Sant Celoni","robots":{"index":"index","follow":"follow","max-snippet":"max-snippet:-1","max-image-preview":"max-image-preview:large","max-video-preview":"max-video-preview:-1"},"canonical":"https:\/\/copis.webtest.cat\/es\/quienes-somos\/","og_locale":"es_ES","og_type":"article","og_title":"Qui\u00e9nes somos - Copisteria Sant Celoni","og_description":"[vc_row equal_height=\u00bbyes\u00bb content_placement=\u00bbtop\u00bb css=\u00bb.vc_custom_1571477891398{padding-top: 70px !important;padding-bottom: 50px !important;}\u00bb][vc_column width=\u00bb1\/3&#8243; css=\u00bb.vc_custom_1571477821281{padding-bottom: 30px !important;}\u00bb][\/vc_column][vc_column width=\u00bb2\/3&#8243; css=\u00bb.vc_custom_1571477868281{padding-bottom: 30px !important;}\u00bb][vc_column_text]Con m\u00e1s de 30 a\u00f1os de experiencia en el mercado, fundada en 1991. Desde entonces, nos hemos esforzado por ofrecer servicios de copiado, imprenta y papeler\u00eda de alta calidad a precios asequibles para nuestros clientes. Nos enorgullece ser una empresa&hellip;","og_url":"https:\/\/copis.webtest.cat\/es\/quienes-somos\/","og_site_name":"Copisteria Sant Celoni","article_modified_time":"2023-02-28T13:31:00+00:00","twitter_card":"summary_large_image","twitter_misc":{"Tiempo de lectura":"3 minutos"},"schema":{"@context":"https:\/\/schema.org","@graph":[{"@type":"WebPage","@id":"https:\/\/copis.webtest.cat\/es\/quienes-somos\/","url":"https:\/\/copis.webtest.cat\/es\/quienes-somos\/","name":"Qui\u00e9nes somos - Copisteria Sant Celoni","isPartOf":{"@id":"https:\/\/copis.webtest.cat\/#website"},"datePublished":"2019-09-16T09:02:53+00:00","dateModified":"2023-02-28T13:31:00+00:00","breadcrumb":{"@id":"https:\/\/copis.webtest.cat\/es\/quienes-somos\/#breadcrumb"},"inLanguage":"es","potentialAction":[{"@type":"ReadAction","target":["https:\/\/copis.webtest.cat\/es\/quienes-somos\/"]}]},{"@type":"BreadcrumbList","@id":"https:\/\/copis.webtest.cat\/es\/quienes-somos\/#breadcrumb","itemListElement":[{"@type":"ListItem","position":1,"name":"Inici","item":"https:\/\/copis.webtest.cat\/es\/"},{"@type":"ListItem","position":2,"name":"Qui\u00e9nes somos"}]},{"@type":"WebSite","@id":"https:\/\/copis.webtest.cat\/#website","url":"https:\/\/copis.webtest.cat\/","name":"Copisteria Sant Celoni","description":"La teva copisteria i papereria de confian\u00e7a","potentialAction":[{"@type":"SearchAction","target":{"@type":"EntryPoint","urlTemplate":"https:\/\/copis.webtest.cat\/?s={search_term_string}"},"query-input":{"@type":"PropertyValueSpecification","valueRequired":true,"valueName":"search_term_string"}}],"inLanguage":"es"}]}},"_links":{"self":[{"href":"https:\/\/copisteriasantceloni.com\/es\/wp-json\/wp\/v2\/pages\/1661","targetHints":{"allow":["GET"]}}],"collection":[{"href":"https:\/\/copisteriasantceloni.com\/es\/wp-json\/wp\/v2\/pages"}],"about":[{"href":"https:\/\/copisteriasantceloni.com\/es\/wp-json\/wp\/v2\/types\/page"}],"author":[{"embeddable":true,"href":"https:\/\/copisteriasantceloni.com\/es\/wp-json\/wp\/v2\/users\/1"}],"replies":[{"embeddable":true,"href":"https:\/\/copisteriasantceloni.com\/es\/wp-json\/wp\/v2\/comments?post=1661"}],"version-history":[{"count":2,"href":"https:\/\/copisteriasantceloni.com\/es\/wp-json\/wp\/v2\/pages\/1661\/revisions"}],"predecessor-version":[{"id":1663,"href":"https:\/\/copisteriasantceloni.com\/es\/wp-json\/wp\/v2\/pages\/1661\/revisions\/1663"}],"wp:attachment":[{"href":"https:\/\/copisteriasantceloni.com\/es\/wp-json\/wp\/v2\/media?parent=1661"}],"curies":[{"name":"wp","href":"https:\/\/api.w.org\/{rel}","templated":true}]}}