{"id":1667,"date":"2023-02-13T14:14:02","date_gmt":"2023-02-13T14:14:02","guid":{"rendered":"https:\/\/copis.webtest.cat\/servicios\/copisteria-i-impremta\/"},"modified":"2023-02-28T13:59:26","modified_gmt":"2023-02-28T13:59:26","slug":"copisteria-e-imprenta","status":"publish","type":"page","link":"https:\/\/copisteriasantceloni.com\/es\/servicios\/copisteria-e-imprenta\/","title":{"rendered":"Copister\u00eda e imprenta"},"content":{"rendered":"<div class=\"wpb-content-wrapper\"><p>[vc_row full_width=\u00bbstretch_row_content_no_spaces\u00bb full_height=\u00bbyes\u00bb columns_placement=\u00bbtop\u00bb css=\u00bb.vc_custom_1676298720407{margin-top: 3px !important;margin-bottom: 3px !important;}\u00bb][vc_column width=\u00bb1\/2&#8243; css=\u00bb.vc_custom_1676298649675{padding-top: 60px !important;padding-right: 30px !important;padding-bottom: 60px !important;padding-left: 30px !important;}\u00bb][vc_column_text]Ofrecemos un servicio completo de impresi\u00f3n y copiado, desde la impresi\u00f3n de documentos sencillos hasta la impresi\u00f3n de libros, revistas, d\u00edpticos, tr\u00edpticos, fotograf\u00edas, talonarios, p\u00f3sters, planos\u2026<\/p>\n<p>Contamos con un equipo de profesionales altamente capacitados y equipos de \u00faltima generaci\u00f3n para garantizar la mejor calidad de impresi\u00f3n. Ofrecemos impresiones en color y en blanco y negro, tanto en papel com\u00fan como en papel fotogr\u00e1fico, cartulina y otros tipos de papeles especiales.<\/p>\n<p>Adem\u00e1s de imprimir y copiar documentos, tambi\u00e9n ofrecemos servicios de escaneo, encuadernaci\u00f3n, laminado y plastificado. Trabajamos con una variedad de tama\u00f1os de papel, desde A4 hasta gran formato, y aceptamos diferentes formatos de archivo, incluyendo PDF, JPG y PNG.<\/p>\n<p>Nuestros precios son competitivos y ofrecemos descuentos por volumen. Ofrecemos entregas r\u00e1pidas y env\u00edo a cualquier parte del mundo. Adem\u00e1s de esto, contamos con un sistema de pedidos online para que pueda realizar sus pedidos de forma r\u00e1pida y sencilla.<\/p>\n<p>En resumen, nuestra copister\u00eda ofrece un servicio de impresi\u00f3n de calidad completo y copiado con un equipo de profesionales altamente capacitados y equipos de \u00faltima generaci\u00f3n para garantizar la mejor calidad de impresi\u00f3n y una experiencia de cliente satisfactoria.[\/vc_column_text][\/vc_column][vc_column width=\u00bb1\/2&#8243; css=\u00bb.vc_custom_1676298543975{background-color: #eeeeee !important;}\u00bb][vc_single_image image=\u00bb1499&#8243; img_size=\u00bbfull\u00bb alignment=\u00bbright\u00bb][\/vc_column][\/vc_row][vc_row full_width=\u00bbstretch_row\u00bb equal_height=\u00bbyes\u00bb bg_type=\u00bbbg_color\u00bb bg_color_value=\u00bb#801651&#8243; css=\u00bb.vc_custom_1676299713729{padding-top: 100px !important;padding-bottom: 100px !important;}\u00bb][vc_column css=\u00bb.vc_custom_1676299295941{padding-right: 30px !important;padding-left: 30px !important;}\u00bb][vc_row_inner css=\u00bb.vc_custom_1676299198853{margin-right: 60px !important;margin-left: 60px !important;}\u00bb][vc_column_inner width=\u00bb1\/2&#8243;][vc_column_text]<\/p>\n<h3><span style=\"color: #ffffff;\">Servicios de Copister\u00eda e Imprenta<\/span><\/h3>\n<p>[\/vc_column_text][vc_empty_space]<div class=\"image-arrow list-divider bullet-top\"><ul>\n<li><span style=\"color: #ffffff;\">Tarjetas<\/span><\/li>\n<li><span style=\"color: #ffffff;\">Papeler\u00eda de empresa<\/span><\/li>\n<li><span style=\"color: #ffffff;\">Flyers y folletos<\/span><\/li>\n<li><span style=\"color: #ffffff;\">Cat\u00e1logos<\/span><\/li>\n<li><span style=\"color: #ffffff;\">Etiquetas<\/span><\/li>\n<li><span style=\"color: #ffffff;\">Gran formato y p\u00f3sters<\/span><\/li>\n<li><span style=\"color: #ffffff;\">Expositores<\/span><\/li>\n<li><span style=\"color: #ffffff;\">Calendarios<\/span><\/li>\n<li><span style=\"color: #ffffff;\">Roll Up &amp; PLV<\/span><\/li>\n<\/ul>\n<\/div>[\/vc_column_inner][vc_column_inner width=\u00bb1\/2&#8243;][vc_column_text]<\/p>\n<h3><span style=\"color: #ffffff;\">Material de oficina<\/span><\/h3>\n<p>[\/vc_column_text][vc_empty_space]<div class=\"image-arrow list-divider bullet-top\"><ul>\n<li><span style=\"color: #ffffff;\">Archivo, clasificaci\u00f3n y etiquetado<\/span><\/li>\n<li><span style=\"color: #ffffff;\">Art\u00edculo general de oficina<\/span><\/li>\n<li><span style=\"color: #ffffff;\">Entorno inform\u00e1tico y maquinaria<\/span><\/li>\n<li><span style=\"color: #ffffff;\">Escritura y correcci\u00f3n<\/span><\/li>\n<li><span style=\"color: #ffffff;\">Papel y manipulados<\/span><\/li>\n<li><span style=\"color: #ffffff;\">Presentaci\u00f3n y comunicaci\u00f3n<\/span><\/li>\n<li><span style=\"color: #ffffff;\">Pegatinas y embalaje<\/span><\/li>\n<li><span style=\"color: #ffffff;\">Material escolar y did\u00e1ctico<\/span><\/li>\n<li><span style=\"color: #ffffff;\">Servicios generales<\/span><\/li>\n<\/ul>\n<\/div>[\/vc_column_inner][\/vc_row_inner][\/vc_column][\/vc_row][vc_row full_width=\u00bbstretch_row_content\u00bb gap=\u00bb3&#8243; css=\u00bb.vc_custom_1675845147310{margin-top: 1px !important;margin-bottom: 2px !important;}\u00bb el_class=\u00bbmargin-sides\u00bb][vc_column width=\u00bb1\/3&#8243; css=\u00bb.vc_custom_1676297919541{padding-top: 30px !important;padding-right: 30px !important;padding-bottom: 30px !important;padding-left: 30px !important;background: #94c64d url(https:\/\/copisteriasantceloni.com\/wp-content\/uploads\/2023\/02\/home03.jpg?id=1408) !important;background-position: center !important;background-repeat: no-repeat !important;background-size: contain !important;}\u00bb el_class=\u00bbhome-bg\u00bb]<span id=\"creative-link-wrap-7606\" class=\"ult_main_cl ult-adjust-bottom-margin  \" >\n\t \t\t\t<span class=\"  ult_crlink\" >\n\t\t\t\t\t<a  data-ultimate-target='#creative-link-wrap-7606 .ult_colorlink'  data-responsive-json-new='{\"font-size\":\"desktop:21px;\",\"line-height\":\"desktop:21px;\"}'  href=\"\/es\/servicios\/gran-formato-y-senaletica\/\"  class=\"ult_colorlink ult-responsive  vc_custom_1677591513650\" style=\"float:left;font-family:Inter;font-weight:800; \"  data-textcolor=\"#ffffff\" data-texthover=\"rgba(255,255,255,0.68)\"data-style=\"\">\n\t\t\t\t\t\t\n\t\t\t\t\t\t<span data-hover=\"Gran formato&lt;br \/&gt;\ny se\u00f1al\u00e9tica\" style=\"color:#ffffff;;;\" class=\"ult_btn10_span   \">Gran formato<br \/>\ny se\u00f1al\u00e9tica<\/span>\n\t\t\t\t\t\t\n\t\t\t\t\t<\/a>\n\t\t\t\t<\/span>\n\t\t\t<\/span>[\/vc_column][vc_column width=\u00bb1\/3&#8243; css=\u00bb.vc_custom_1676297925834{padding-top: 30px !important;padding-right: 30px !important;padding-bottom: 30px !important;padding-left: 30px !important;background: #01b0a9 url(https:\/\/copisteriasantceloni.com\/wp-content\/uploads\/2023\/02\/home02.jpg?id=1407) !important;}\u00bb el_class=\u00bbhome-bg\u00bb]<span id=\"creative-link-wrap-8221\" class=\"ult_main_cl ult-adjust-bottom-margin  \" >\n\t \t\t\t<span class=\"  ult_crlink\" >\n\t\t\t\t\t<a  data-ultimate-target='#creative-link-wrap-8221 .ult_colorlink'  data-responsive-json-new='{\"font-size\":\"desktop:21px;\",\"line-height\":\"desktop:21px;\"}'  href=\"\/es\/servicios\/papeleria-y-ofimatica\/\"  class=\"ult_colorlink ult-responsive  vc_custom_1677591537995\" style=\"float:left;font-family:Inter;font-weight:800; \"  data-textcolor=\"#ffffff\" data-texthover=\"rgba(255,255,255,0.68)\"data-style=\"\">\n\t\t\t\t\t\t\n\t\t\t\t\t\t<span data-hover=\"Papeler\u00eda&lt;br \/&gt;\ny ofim\u00e1tica\" style=\"color:#ffffff;;;\" class=\"ult_btn10_span   \">Papeler\u00eda<br \/>\ny ofim\u00e1tica<\/span>\n\t\t\t\t\t\t\n\t\t\t\t\t<\/a>\n\t\t\t\t<\/span>\n\t\t\t<\/span>[\/vc_column][vc_column width=\u00bb1\/3&#8243; css=\u00bb.vc_custom_1676297932042{padding-top: 30px !important;padding-right: 30px !important;padding-bottom: 30px !important;padding-left: 30px !important;background: #f93849 url(https:\/\/copisteriasantceloni.com\/wp-content\/uploads\/2023\/02\/home04.jpg?id=1409) !important;background-position: center !important;background-repeat: no-repeat !important;background-size: contain !important;}\u00bb el_class=\u00bbhome-bg\u00bb]<span id=\"creative-link-wrap-4625\" class=\"ult_main_cl ult-adjust-bottom-margin  \" >\n\t \t\t\t<span class=\"  ult_crlink\" >\n\t\t\t\t\t<a  data-ultimate-target='#creative-link-wrap-4625 .ult_colorlink'  data-responsive-json-new='{\"font-size\":\"desktop:21px;\",\"line-height\":\"desktop:21px;\"}'  href=\"\/es\/servicios\/diseno-grafico\/\"  class=\"ult_colorlink ult-responsive  vc_custom_1677591564242\" style=\"float:left;font-family:Inter;font-weight:800; \"  data-textcolor=\"#ffffff\" data-texthover=\"rgba(255,255,255,0.68)\"data-style=\"\">\n\t\t\t\t\t\t\n\t\t\t\t\t\t<span data-hover=\"Servicios de&lt;br \/&gt;\ndise\u00f1o gr\u00e1fico\" style=\"color:#ffffff;;;\" class=\"ult_btn10_span   \">Servicios de<br \/>\ndise\u00f1o gr\u00e1fico<\/span>\n\t\t\t\t\t\t\n\t\t\t\t\t<\/a>\n\t\t\t\t<\/span>\n\t\t\t<\/span>[\/vc_column][\/vc_row][vc_row full_width=\u00bbstretch_row_content\u00bb content_placement=\u00bbbottom\u00bb css=\u00bb.vc_custom_1676298979446{background-color: #f5f5f7 !important;}\u00bb][vc_column width=\u00bb1\/2&#8243; css=\u00bb.vc_custom_1675863045981{padding-top: 0px !important;padding-right: 0px !important;padding-bottom: 0px !important;padding-left: 0px !important;background-position: center !important;background-repeat: no-repeat !important;background-size: contain !important;}\u00bb][vc_single_image image=\u00bb1515&#8243; img_size=\u00bbfull\u00bb image_hovers=\u00bbfalse\u00bb][\/vc_column][vc_column width=\u00bb1\/2&#8243; css=\u00bb.vc_custom_1675863333600{padding-top: 80px !important;padding-right: 40px !important;padding-bottom: 80px !important;}\u00bb][vc_column_text css=\u00bb.vc_custom_1677591599533{margin-bottom: 35px !important;}\u00bb]<\/p>\n<h2>Dinos qu\u00e9 necesitas:<\/h2>\n<p>[\/vc_column_text]\n<div class=\"wpcf7 no-js\" id=\"wpcf7-f1670-o1\" lang=\"ca\" dir=\"ltr\" data-wpcf7-id=\"1670\">\n<div class=\"screen-reader-response\"><p role=\"status\" aria-live=\"polite\" aria-atomic=\"true\"><\/p> <ul><\/ul><\/div>\n<form action=\"\/es\/wp-json\/wp\/v2\/pages\/1667#wpcf7-f1670-o1\" method=\"post\" class=\"wpcf7-form init\" aria-label=\"Formulari de contacte\" enctype=\"multipart\/form-data\" novalidate=\"novalidate\" data-status=\"init\">\n<fieldset class=\"hidden-fields-container\"><input type=\"hidden\" name=\"_wpcf7\" value=\"1670\" \/><input type=\"hidden\" name=\"_wpcf7_version\" value=\"6.1.5\" \/><input type=\"hidden\" name=\"_wpcf7_locale\" value=\"ca\" \/><input type=\"hidden\" name=\"_wpcf7_unit_tag\" value=\"wpcf7-f1670-o1\" \/><input type=\"hidden\" name=\"_wpcf7_container_post\" value=\"0\" \/><input type=\"hidden\" name=\"_wpcf7_posted_data_hash\" value=\"\" \/><input type=\"hidden\" name=\"_wpcf7_recaptcha_response\" value=\"\" \/>\n<\/fieldset>\n<p><span class=\"wpcf7-form-control-wrap\" data-name=\"your-message\"><textarea cols=\"40\" rows=\"10\" maxlength=\"2000\" class=\"wpcf7-form-control wpcf7-textarea\" aria-invalid=\"false\" placeholder=\"(Ej. Quiero imprimir 3 copias del documento PDF que adjunto en blanco y negro, a dos caras y encuadernado con espiral met\u00e1lico)\n\u00bfAlguna duda? Ll\u00e1manos al 938674600\" name=\"your-message\"><\/textarea><\/span>\n<\/p>\n<p><span class=\"wpcf7-form-control-wrap\" data-name=\"address\"><input size=\"40\" maxlength=\"400\" class=\"wpcf7-form-control wpcf7-text wpcf7-validates-as-required\" aria-required=\"true\" aria-invalid=\"false\" placeholder=\"Direcci\u00f3n de entrega\" value=\"\" type=\"text\" name=\"address\" \/><\/span>\n<\/p>\n<div class=\"form-left\">\n\t<p><span class=\"wpcf7-form-control-wrap\" data-name=\"your-name\"><input size=\"40\" maxlength=\"400\" class=\"wpcf7-form-control wpcf7-text wpcf7-validates-as-required\" aria-required=\"true\" aria-invalid=\"false\" placeholder=\"Nombre\" value=\"\" type=\"text\" name=\"your-name\" \/><\/span>\n\t<\/p>\n<\/div>\n<div class=\"form-right\">\n\t<p><span class=\"wpcf7-form-control-wrap\" data-name=\"your-name\"><input size=\"40\" maxlength=\"400\" class=\"wpcf7-form-control wpcf7-text\" aria-invalid=\"false\" placeholder=\"Nombre empresa\" value=\"\" type=\"text\" name=\"your-name\" \/><\/span>\n\t<\/p>\n<\/div>\n<div class=\"form-left\">\n\t<p><span class=\"wpcf7-form-control-wrap\" data-name=\"your-email\"><input size=\"40\" maxlength=\"400\" class=\"wpcf7-form-control wpcf7-email wpcf7-validates-as-required wpcf7-text wpcf7-validates-as-email\" aria-required=\"true\" aria-invalid=\"false\" placeholder=\"Correo electr\u00f3nico\" value=\"\" type=\"email\" name=\"your-email\" \/><\/span>\n\t<\/p>\n<\/div>\n<div class=\"form-right\">\n\t<p><span class=\"wpcf7-form-control-wrap\" data-name=\"tel\"><input size=\"40\" maxlength=\"400\" class=\"wpcf7-form-control wpcf7-tel wpcf7-text wpcf7-validates-as-tel\" aria-invalid=\"false\" placeholder=\"Tel\u00e9fono\" value=\"\" type=\"tel\" name=\"tel\" \/><\/span>\n\t<\/p>\n<\/div>\n<div class=\"form-left\">\n\t<p><span class=\"wpcf7-form-control-wrap\" data-name=\"nif\"><input size=\"40\" maxlength=\"400\" class=\"wpcf7-form-control wpcf7-text\" aria-invalid=\"false\" placeholder=\"NIF\" value=\"\" type=\"text\" name=\"nif\" \/><\/span>\n\t<\/p>\n<\/div>\n<div class=\"form-right\">\n\t<p><span class=\"wpcf7-form-control-wrap\" data-name=\"horari\"><input size=\"40\" maxlength=\"400\" class=\"wpcf7-form-control wpcf7-text\" aria-invalid=\"false\" placeholder=\"Horario preferente\" value=\"\" type=\"text\" name=\"horari\" \/><\/span>\n\t<\/p>\n<\/div>\n<p>Adjunta tu PDF (archivos PDF, hasta 5Mb):\n<\/p>\n<p><label for=\"file_upload\" class=\"sr-only\"> Subir archivo: <\/label><span class=\"wpcf7-form-control-wrap\" data-name=\"file\"><input size=\"40\" class=\"wpcf7-form-control wpcf7-file wpcf7-validates-as-required\" id=\"file_upload\" accept=\".pdf\" aria-required=\"true\" aria-invalid=\"false\" type=\"file\" name=\"file\" \/><\/span>\n<\/p>\n<p><span class=\"wpcf7-form-control-wrap\" data-name=\"deliver\"><span class=\"wpcf7-form-control wpcf7-acceptance optional\"><span class=\"wpcf7-list-item\"><label><input type=\"checkbox\" name=\"deliver\" value=\"1\" aria-invalid=\"false\" \/><span class=\"wpcf7-list-item-label\">\u00bfQuieres que te lo llevemos a casa? (3,5 euros + IVA)<\/span><\/label><\/span><\/span><\/span>\n<\/p>\n<p><span class=\"wpcf7-form-control-wrap\" data-name=\"acceptance\"><span class=\"wpcf7-form-control wpcf7-acceptance\"><span class=\"wpcf7-list-item\"><label><input type=\"checkbox\" name=\"acceptance\" value=\"1\" aria-invalid=\"false\" \/><span class=\"wpcf7-list-item-label\">He le\u00eddo y acepto la <a href=\"\/es\/aviso-legal-y-politica-de-privacidad\/\" target=\"_blank\">Pol\u00edtica de Privacidad<\/a>.<\/span><\/label><\/span><\/span><\/span>\n<\/p>\n<p><input class=\"wpcf7-form-control wpcf7-submit has-spinner\" type=\"submit\" value=\"Enviar\" \/>\n<\/p><div class=\"wpcf7-response-output\" aria-hidden=\"true\"><\/div>\n<\/form>\n<\/div>\n[\/vc_column][\/vc_row]<\/p>\n<\/div>","protected":false},"excerpt":{"rendered":"<p>[vc_row full_width=\u00bbstretch_row_content_no_spaces\u00bb full_height=\u00bbyes\u00bb columns_placement=\u00bbtop\u00bb css=\u00bb.vc_custom_1676298720407{margin-top: 3px !important;margin-bottom: 3px !important;}\u00bb][vc_column width=\u00bb1\/2&#8243; css=\u00bb.vc_custom_1676298649675{padding-top: 60px !important;padding-right: 30px !important;padding-bottom: 60px !important;padding-left: 30px !important;}\u00bb][vc_column_text]Ofrecemos un servicio completo de impresi\u00f3n y copiado, desde la impresi\u00f3n de documentos sencillos hasta la impresi\u00f3n de libros, revistas, d\u00edpticos, tr\u00edpticos, fotograf\u00edas, talonarios, p\u00f3sters, planos\u2026 Contamos con un equipo de profesionales altamente capacitados y equipos de&hellip;<\/p>\n","protected":false},"author":1,"featured_media":0,"parent":1664,"menu_order":30,"comment_status":"closed","ping_status":"closed","template":"","meta":{"footnotes":""},"class_list":["post-1667","page","type-page","status-publish","hentry","description-off"],"yoast_head":"<!-- This site is optimized with the Yoast SEO plugin v27.5 - https:\/\/yoast.com\/product\/yoast-seo-wordpress\/ -->\n<title>Copister\u00eda e imprenta - Copisteria Sant Celoni<\/title>\n<meta name=\"robots\" content=\"index, follow, max-snippet:-1, max-image-preview:large, max-video-preview:-1\" \/>\n<link rel=\"canonical\" href=\"https:\/\/copis.webtest.cat\/es\/servicios\/copisteria-e-imprenta\/\" \/>\n<meta property=\"og:locale\" content=\"es_ES\" \/>\n<meta property=\"og:type\" content=\"article\" \/>\n<meta property=\"og:title\" content=\"Copister\u00eda e imprenta - Copisteria Sant Celoni\" \/>\n<meta property=\"og:description\" content=\"[vc_row full_width=\u00bbstretch_row_content_no_spaces\u00bb full_height=\u00bbyes\u00bb columns_placement=\u00bbtop\u00bb css=\u00bb.vc_custom_1676298720407{margin-top: 3px !important;margin-bottom: 3px !important;}\u00bb][vc_column width=\u00bb1\/2&#8243; css=\u00bb.vc_custom_1676298649675{padding-top: 60px !important;padding-right: 30px !important;padding-bottom: 60px !important;padding-left: 30px !important;}\u00bb][vc_column_text]Ofrecemos un servicio completo de impresi\u00f3n y copiado, desde la impresi\u00f3n de documentos sencillos hasta la impresi\u00f3n de libros, revistas, d\u00edpticos, tr\u00edpticos, fotograf\u00edas, talonarios, p\u00f3sters, planos\u2026 Contamos con un equipo de profesionales altamente capacitados y equipos de&hellip;\" \/>\n<meta property=\"og:url\" content=\"https:\/\/copis.webtest.cat\/es\/servicios\/copisteria-e-imprenta\/\" \/>\n<meta property=\"og:site_name\" content=\"Copisteria Sant Celoni\" \/>\n<meta property=\"article:modified_time\" content=\"2023-02-28T13:59:26+00:00\" \/>\n<meta name=\"twitter:card\" content=\"summary_large_image\" \/>\n<meta name=\"twitter:label1\" content=\"Tiempo de lectura\" \/>\n\t<meta name=\"twitter:data1\" content=\"3 minutos\" \/>\n<script type=\"application\/ld+json\" class=\"yoast-schema-graph\">{\"@context\":\"https:\\\/\\\/schema.org\",\"@graph\":[{\"@type\":\"WebPage\",\"@id\":\"https:\\\/\\\/copis.webtest.cat\\\/es\\\/servicios\\\/copisteria-e-imprenta\\\/\",\"url\":\"https:\\\/\\\/copis.webtest.cat\\\/es\\\/servicios\\\/copisteria-e-imprenta\\\/\",\"name\":\"Copister\u00eda e imprenta - Copisteria Sant Celoni\",\"isPartOf\":{\"@id\":\"https:\\\/\\\/copis.webtest.cat\\\/#website\"},\"datePublished\":\"2023-02-13T14:14:02+00:00\",\"dateModified\":\"2023-02-28T13:59:26+00:00\",\"breadcrumb\":{\"@id\":\"https:\\\/\\\/copis.webtest.cat\\\/es\\\/servicios\\\/copisteria-e-imprenta\\\/#breadcrumb\"},\"inLanguage\":\"es\",\"potentialAction\":[{\"@type\":\"ReadAction\",\"target\":[\"https:\\\/\\\/copis.webtest.cat\\\/es\\\/servicios\\\/copisteria-e-imprenta\\\/\"]}]},{\"@type\":\"BreadcrumbList\",\"@id\":\"https:\\\/\\\/copis.webtest.cat\\\/es\\\/servicios\\\/copisteria-e-imprenta\\\/#breadcrumb\",\"itemListElement\":[{\"@type\":\"ListItem\",\"position\":1,\"name\":\"Inici\",\"item\":\"https:\\\/\\\/copis.webtest.cat\\\/es\\\/\"},{\"@type\":\"ListItem\",\"position\":2,\"name\":\"Servicios\",\"item\":\"https:\\\/\\\/copis.webtest.cat\\\/es\\\/servicios\\\/\"},{\"@type\":\"ListItem\",\"position\":3,\"name\":\"Copister\u00eda e imprenta\"}]},{\"@type\":\"WebSite\",\"@id\":\"https:\\\/\\\/copis.webtest.cat\\\/#website\",\"url\":\"https:\\\/\\\/copis.webtest.cat\\\/\",\"name\":\"Copisteria Sant Celoni\",\"description\":\"La teva copisteria i papereria de confian\u00e7a\",\"potentialAction\":[{\"@type\":\"SearchAction\",\"target\":{\"@type\":\"EntryPoint\",\"urlTemplate\":\"https:\\\/\\\/copis.webtest.cat\\\/?s={search_term_string}\"},\"query-input\":{\"@type\":\"PropertyValueSpecification\",\"valueRequired\":true,\"valueName\":\"search_term_string\"}}],\"inLanguage\":\"es\"}]}<\/script>\n<!-- \/ Yoast SEO plugin. -->","yoast_head_json":{"title":"Copister\u00eda e imprenta - Copisteria Sant Celoni","robots":{"index":"index","follow":"follow","max-snippet":"max-snippet:-1","max-image-preview":"max-image-preview:large","max-video-preview":"max-video-preview:-1"},"canonical":"https:\/\/copis.webtest.cat\/es\/servicios\/copisteria-e-imprenta\/","og_locale":"es_ES","og_type":"article","og_title":"Copister\u00eda e imprenta - Copisteria Sant Celoni","og_description":"[vc_row full_width=\u00bbstretch_row_content_no_spaces\u00bb full_height=\u00bbyes\u00bb columns_placement=\u00bbtop\u00bb css=\u00bb.vc_custom_1676298720407{margin-top: 3px !important;margin-bottom: 3px !important;}\u00bb][vc_column width=\u00bb1\/2&#8243; css=\u00bb.vc_custom_1676298649675{padding-top: 60px !important;padding-right: 30px !important;padding-bottom: 60px !important;padding-left: 30px !important;}\u00bb][vc_column_text]Ofrecemos un servicio completo de impresi\u00f3n y copiado, desde la impresi\u00f3n de documentos sencillos hasta la impresi\u00f3n de libros, revistas, d\u00edpticos, tr\u00edpticos, fotograf\u00edas, talonarios, p\u00f3sters, planos\u2026 Contamos con un equipo de profesionales altamente capacitados y equipos de&hellip;","og_url":"https:\/\/copis.webtest.cat\/es\/servicios\/copisteria-e-imprenta\/","og_site_name":"Copisteria Sant Celoni","article_modified_time":"2023-02-28T13:59:26+00:00","twitter_card":"summary_large_image","twitter_misc":{"Tiempo de lectura":"3 minutos"},"schema":{"@context":"https:\/\/schema.org","@graph":[{"@type":"WebPage","@id":"https:\/\/copis.webtest.cat\/es\/servicios\/copisteria-e-imprenta\/","url":"https:\/\/copis.webtest.cat\/es\/servicios\/copisteria-e-imprenta\/","name":"Copister\u00eda e imprenta - Copisteria Sant Celoni","isPartOf":{"@id":"https:\/\/copis.webtest.cat\/#website"},"datePublished":"2023-02-13T14:14:02+00:00","dateModified":"2023-02-28T13:59:26+00:00","breadcrumb":{"@id":"https:\/\/copis.webtest.cat\/es\/servicios\/copisteria-e-imprenta\/#breadcrumb"},"inLanguage":"es","potentialAction":[{"@type":"ReadAction","target":["https:\/\/copis.webtest.cat\/es\/servicios\/copisteria-e-imprenta\/"]}]},{"@type":"BreadcrumbList","@id":"https:\/\/copis.webtest.cat\/es\/servicios\/copisteria-e-imprenta\/#breadcrumb","itemListElement":[{"@type":"ListItem","position":1,"name":"Inici","item":"https:\/\/copis.webtest.cat\/es\/"},{"@type":"ListItem","position":2,"name":"Servicios","item":"https:\/\/copis.webtest.cat\/es\/servicios\/"},{"@type":"ListItem","position":3,"name":"Copister\u00eda e imprenta"}]},{"@type":"WebSite","@id":"https:\/\/copis.webtest.cat\/#website","url":"https:\/\/copis.webtest.cat\/","name":"Copisteria Sant Celoni","description":"La teva copisteria i papereria de confian\u00e7a","potentialAction":[{"@type":"SearchAction","target":{"@type":"EntryPoint","urlTemplate":"https:\/\/copis.webtest.cat\/?s={search_term_string}"},"query-input":{"@type":"PropertyValueSpecification","valueRequired":true,"valueName":"search_term_string"}}],"inLanguage":"es"}]}},"_links":{"self":[{"href":"https:\/\/copisteriasantceloni.com\/es\/wp-json\/wp\/v2\/pages\/1667","targetHints":{"allow":["GET"]}}],"collection":[{"href":"https:\/\/copisteriasantceloni.com\/es\/wp-json\/wp\/v2\/pages"}],"about":[{"href":"https:\/\/copisteriasantceloni.com\/es\/wp-json\/wp\/v2\/types\/page"}],"author":[{"embeddable":true,"href":"https:\/\/copisteriasantceloni.com\/es\/wp-json\/wp\/v2\/users\/1"}],"replies":[{"embeddable":true,"href":"https:\/\/copisteriasantceloni.com\/es\/wp-json\/wp\/v2\/comments?post=1667"}],"version-history":[{"count":3,"href":"https:\/\/copisteriasantceloni.com\/es\/wp-json\/wp\/v2\/pages\/1667\/revisions"}],"predecessor-version":[{"id":1672,"href":"https:\/\/copisteriasantceloni.com\/es\/wp-json\/wp\/v2\/pages\/1667\/revisions\/1672"}],"up":[{"embeddable":true,"href":"https:\/\/copisteriasantceloni.com\/es\/wp-json\/wp\/v2\/pages\/1664"}],"wp:attachment":[{"href":"https:\/\/copisteriasantceloni.com\/es\/wp-json\/wp\/v2\/media?parent=1667"}],"curies":[{"name":"wp","href":"https:\/\/api.w.org\/{rel}","templated":true}]}}