{"id":1689,"date":"2019-09-18T04:57:54","date_gmt":"2019-09-18T04:57:54","guid":{"rendered":"https:\/\/copis.webtest.cat\/contacte\/"},"modified":"2023-03-23T09:33:42","modified_gmt":"2023-03-23T09:33:42","slug":"contacto","status":"publish","type":"page","link":"https:\/\/copisteriasantceloni.com\/es\/contacto\/","title":{"rendered":"Contacto"},"content":{"rendered":"<div class=\"wpb-content-wrapper\"><p>[vc_row css=\u00bb.vc_custom_1679564019863{padding-top: 60px !important;padding-bottom: 60px !important;}\u00bb][vc_column width=\u00bb2\/3&#8243;]<div id=\"ultimate-heading-939569f3397dce73a\" class=\"uvc-heading ult-adjust-bottom-margin ultimate-heading-939569f3397dce73a uvc-8969  uvc-heading-default-font-sizes\" data-hspacer=\"no_spacer\"  data-halign=\"left\" style=\"text-align:left\"><div class=\"uvc-heading-spacer no_spacer\" style=\"top\"><\/div><div class=\"uvc-main-heading ult-responsive\"  data-ultimate-target='.uvc-heading.ultimate-heading-939569f3397dce73a h2'  data-responsive-json-new='{\"font-size\":\"\",\"line-height\":\"\"}' ><h2 style=\"--font-weight:theme;margin-bottom:30px;\">Contacta con nosotros<\/h2><\/div><\/div>\n<div class=\"wpcf7 no-js\" id=\"wpcf7-f1669-o1\" lang=\"ca\" dir=\"ltr\" data-wpcf7-id=\"1669\">\n<div class=\"screen-reader-response\"><p role=\"status\" aria-live=\"polite\" aria-atomic=\"true\"><\/p> <ul><\/ul><\/div>\n<form action=\"\/es\/wp-json\/wp\/v2\/pages\/1689#wpcf7-f1669-o1\" method=\"post\" class=\"wpcf7-form init\" aria-label=\"Formulari de contacte\" novalidate=\"novalidate\" data-status=\"init\">\n<fieldset class=\"hidden-fields-container\"><input type=\"hidden\" name=\"_wpcf7\" value=\"1669\" \/><input type=\"hidden\" name=\"_wpcf7_version\" value=\"6.1.5\" \/><input type=\"hidden\" name=\"_wpcf7_locale\" value=\"ca\" \/><input type=\"hidden\" name=\"_wpcf7_unit_tag\" value=\"wpcf7-f1669-o1\" \/><input type=\"hidden\" name=\"_wpcf7_container_post\" value=\"0\" \/><input type=\"hidden\" name=\"_wpcf7_posted_data_hash\" value=\"\" \/><input type=\"hidden\" name=\"_wpcf7_recaptcha_response\" value=\"\" \/>\n<\/fieldset>\n<p><span class=\"wpcf7-form-control-wrap\" data-name=\"your-name\"><input size=\"40\" maxlength=\"400\" class=\"wpcf7-form-control wpcf7-text wpcf7-validates-as-required\" aria-required=\"true\" aria-invalid=\"false\" placeholder=\"Nombre\" value=\"\" type=\"text\" name=\"your-name\" \/><\/span>\n<\/p>\n<p><span class=\"wpcf7-form-control-wrap\" data-name=\"your-email\"><input size=\"40\" maxlength=\"400\" class=\"wpcf7-form-control wpcf7-email wpcf7-validates-as-required wpcf7-text wpcf7-validates-as-email\" aria-required=\"true\" aria-invalid=\"false\" placeholder=\"Correo electr\u00f3nico\" value=\"\" type=\"email\" name=\"your-email\" \/><\/span>\n<\/p>\n<p><span class=\"wpcf7-form-control-wrap\" data-name=\"your-subject\"><input size=\"40\" maxlength=\"400\" class=\"wpcf7-form-control wpcf7-text wpcf7-validates-as-required\" aria-required=\"true\" aria-invalid=\"false\" placeholder=\"Asunto\" value=\"\" type=\"text\" name=\"your-subject\" \/><\/span>\n<\/p>\n<p><span class=\"wpcf7-form-control-wrap\" data-name=\"your-message\"><textarea cols=\"40\" rows=\"10\" maxlength=\"2000\" class=\"wpcf7-form-control wpcf7-textarea\" aria-invalid=\"false\" placeholder=\"Mensaje\" name=\"your-message\"><\/textarea><\/span>\n<\/p>\n<p><span class=\"wpcf7-form-control-wrap\" data-name=\"acceptance\"><span class=\"wpcf7-form-control wpcf7-acceptance\"><span class=\"wpcf7-list-item\"><label><input type=\"checkbox\" name=\"acceptance\" value=\"1\" aria-invalid=\"false\" \/><span class=\"wpcf7-list-item-label\">He le\u00eddo y acepto la <a href=\"\/es\/aviso-legal-y-politica-de-privacidad\/\" target=\"_blank\">Pol\u00edtica de Privacidad<\/a>.<\/span><\/label><\/span><\/span><\/span>\n<\/p>\n<p><input class=\"wpcf7-form-control wpcf7-submit has-spinner\" type=\"submit\" value=\"Enviar\" \/>\n<\/p><div class=\"wpcf7-response-output\" aria-hidden=\"true\"><\/div>\n<\/form>\n<\/div>\n[\/vc_column][vc_column width=\u00bb1\/3&#8243;][vc_column_text]<\/p>\n<h3>Copister\u00eda Sant Celoni<\/h3>\n<p><a href=\"https:\/\/maps.google.com\/maps?z=16&amp;q=crta.%2Bvella%2C%2B138%2B08470%2Bsant%2Bceloni%2Bbarcelona\" target=\"_blank\" rel=\"noopener noreferrer\">Crta. Vella, 138<br \/>\n08470 Sant Celoni<br \/>\nBarcelona<\/a><br \/>\n938 67 46 00<br \/>\n<a href=\"mailto:info@copisceloni.com\">info@copisceloni.com<\/a><\/p>\n<p>Ma\u00f1anas de 8:30 a 13:30<br \/>\nTardes de 16:00 a 20:00<br \/>\nS\u00e1bados de 9:00 a 13:00[\/vc_column_text][vc_empty_space][vc_column_text]<\/p>\n<h3>Copister\u00eda Santa Maria<\/h3>\n<p><a href=\"https:\/\/maps.google.com\/maps?z=16&amp;q=carrer%2Bsant%2Bburget%2C%2B1%2B08460%2Bsanta%2Bmaria%2Bde%2Bpalautordera%2Bbarcelona\" target=\"_blank\" rel=\"noopener noreferrer\">Carrer Sant Burget, 1<br \/>\n08460 Santa Maria de Palautordera<br \/>\nBarcelona<\/a><br \/>\n938 48 21 11<br \/>\n<a href=\"mailto:palau@copisceloni.com\">palau@copisceloni.com<\/a>[\/vc_column_text][vc_empty_space]<style type=\"text\/css\" data-type=\"the7_shortcodes-inline-css\">.dt-shortcode-soc-icons.soc-icons-cb68014edf1faece5dcac95c19426bc0 a {\n  margin-right: 10px;\n}\n.dt-shortcode-soc-icons a.soc-icons-cb68014edf1faece5dcac95c19426bc0 {\n  margin-right: 10px;\n}\n.dt-shortcode-soc-icons a.soc-icons-cb68014edf1faece5dcac95c19426bc0:last-child {\n  margin-right: 0;\n}\n.dt-shortcode-soc-icons a.soc-icons-cb68014edf1faece5dcac95c19426bc0:before,\n.dt-shortcode-soc-icons a.soc-icons-cb68014edf1faece5dcac95c19426bc0:after {\n  padding: inherit;\n}\n.dt-shortcode-soc-icons a.soc-icons-cb68014edf1faece5dcac95c19426bc0.dt-icon-border-on:before {\n  border:  solid ;\n}\n.dt-shortcode-soc-icons a.soc-icons-cb68014edf1faece5dcac95c19426bc0.dt-icon-hover-border-on:after {\n  border:  solid ;\n}<\/style><div class=\"dt-shortcode-soc-icons  soc-icons-cb68014edf1faece5dcac95c19426bc0 soc-icons-left \" ><style type=\"text\/css\" data-type=\"the7_shortcodes-inline-css\">.dt-shortcode-soc-icons a.single-soc-icon-7b3e13ac7b16b7ddd1ec9c1673395ecb {\n  min-width: 46px;\n  min-height: 46px;\n  font-size: 24px;\n  border-radius: 100px;\n}\n.dt-shortcode-soc-icons a.single-soc-icon-7b3e13ac7b16b7ddd1ec9c1673395ecb:last-child {\n  margin-right: 0;\n}\n.dt-shortcode-soc-icons a.single-soc-icon-7b3e13ac7b16b7ddd1ec9c1673395ecb:before,\n.dt-shortcode-soc-icons a.single-soc-icon-7b3e13ac7b16b7ddd1ec9c1673395ecb:after {\n  min-width: 46px;\n  min-height: 46px;\n  padding: inherit;\n}\n.dt-shortcode-soc-icons a.single-soc-icon-7b3e13ac7b16b7ddd1ec9c1673395ecb.dt-icon-border-on:before {\n  border: 2px solid #2e2b36;\n}\n.dt-shortcode-soc-icons a.single-soc-icon-7b3e13ac7b16b7ddd1ec9c1673395ecb.dt-icon-hover-border-on:after {\n  border: 2px solid ;\n}\n.dt-shortcode-soc-icons a.single-soc-icon-7b3e13ac7b16b7ddd1ec9c1673395ecb:hover {\n  font-size: 24px;\n}\n#page .dt-shortcode-soc-icons a.single-soc-icon-7b3e13ac7b16b7ddd1ec9c1673395ecb:hover .soc-font-icon,\n#phantom .dt-shortcode-soc-icons a.single-soc-icon-7b3e13ac7b16b7ddd1ec9c1673395ecb:hover .soc-font-icon,\n#page .dt-shortcode-soc-icons a.single-soc-icon-7b3e13ac7b16b7ddd1ec9c1673395ecb:hover .soc-icon,\n#phantom .dt-shortcode-soc-icons a.single-soc-icon-7b3e13ac7b16b7ddd1ec9c1673395ecb:hover .soc-icon {\n  color: #ffffff;\n  background: none;\n}\n#page .dt-shortcode-soc-icons a.single-soc-icon-7b3e13ac7b16b7ddd1ec9c1673395ecb.dt-icon-hover-bg-on:after,\n#phantom .dt-shortcode-soc-icons a.single-soc-icon-7b3e13ac7b16b7ddd1ec9c1673395ecb.dt-icon-hover-bg-on:after {\n  background: #2e2b36;\n}\n#page .dt-shortcode-soc-icons a.single-soc-icon-7b3e13ac7b16b7ddd1ec9c1673395ecb:not(:hover) .soc-font-icon,\n#phantom .dt-shortcode-soc-icons a.single-soc-icon-7b3e13ac7b16b7ddd1ec9c1673395ecb:not(:hover) .soc-font-icon,\n#page .dt-shortcode-soc-icons a.single-soc-icon-7b3e13ac7b16b7ddd1ec9c1673395ecb:not(:hover) .soc-icon,\n#phantom .dt-shortcode-soc-icons a.single-soc-icon-7b3e13ac7b16b7ddd1ec9c1673395ecb:not(:hover) .soc-icon {\n  color: #2e2b36;\n  background: none;\n}\n.dt-shortcode-soc-icons a.single-soc-icon-7b3e13ac7b16b7ddd1ec9c1673395ecb .soc-font-icon,\n.dt-shortcode-soc-icons a.single-soc-icon-7b3e13ac7b16b7ddd1ec9c1673395ecb .soc-icon {\n  font-size: 24px;\n}<\/style><a title=\"Facebook\" href=\"https:\/\/www.facebook.com\/copisceloni\/\" target=\"_blank\" class=\"facebook single-soc-icon-7b3e13ac7b16b7ddd1ec9c1673395ecb dt-icon-bg-off dt-icon-border-on dt-icon-hover-bg-on\"><i class=\"soc-icon soc-font-icon dt-icon-facebook\"><\/i><span class=\"screen-reader-text\">Facebook<\/span><\/a><style type=\"text\/css\" data-type=\"the7_shortcodes-inline-css\">.dt-shortcode-soc-icons a.single-soc-icon-cc206e92e58376446bf697df6d101881 {\n  min-width: 46px;\n  min-height: 46px;\n  font-size: 24px;\n  border-radius: 100px;\n}\n.dt-shortcode-soc-icons a.single-soc-icon-cc206e92e58376446bf697df6d101881:last-child {\n  margin-right: 0;\n}\n.dt-shortcode-soc-icons a.single-soc-icon-cc206e92e58376446bf697df6d101881:before,\n.dt-shortcode-soc-icons a.single-soc-icon-cc206e92e58376446bf697df6d101881:after {\n  min-width: 46px;\n  min-height: 46px;\n  padding: inherit;\n}\n.dt-shortcode-soc-icons a.single-soc-icon-cc206e92e58376446bf697df6d101881.dt-icon-border-on:before {\n  border: 2px solid #2e2b36;\n}\n.dt-shortcode-soc-icons a.single-soc-icon-cc206e92e58376446bf697df6d101881.dt-icon-hover-border-on:after {\n  border: 2px solid ;\n}\n.dt-shortcode-soc-icons a.single-soc-icon-cc206e92e58376446bf697df6d101881:hover {\n  font-size: 24px;\n}\n#page .dt-shortcode-soc-icons a.single-soc-icon-cc206e92e58376446bf697df6d101881:hover .soc-font-icon,\n#phantom .dt-shortcode-soc-icons a.single-soc-icon-cc206e92e58376446bf697df6d101881:hover .soc-font-icon,\n#page .dt-shortcode-soc-icons a.single-soc-icon-cc206e92e58376446bf697df6d101881:hover .soc-icon,\n#phantom .dt-shortcode-soc-icons a.single-soc-icon-cc206e92e58376446bf697df6d101881:hover .soc-icon {\n  color: #ffffff;\n  background: none;\n}\n#page .dt-shortcode-soc-icons a.single-soc-icon-cc206e92e58376446bf697df6d101881.dt-icon-hover-bg-on:after,\n#phantom .dt-shortcode-soc-icons a.single-soc-icon-cc206e92e58376446bf697df6d101881.dt-icon-hover-bg-on:after {\n  background: #2e2b36;\n}\n#page .dt-shortcode-soc-icons a.single-soc-icon-cc206e92e58376446bf697df6d101881:not(:hover) .soc-font-icon,\n#phantom .dt-shortcode-soc-icons a.single-soc-icon-cc206e92e58376446bf697df6d101881:not(:hover) .soc-font-icon,\n#page .dt-shortcode-soc-icons a.single-soc-icon-cc206e92e58376446bf697df6d101881:not(:hover) .soc-icon,\n#phantom .dt-shortcode-soc-icons a.single-soc-icon-cc206e92e58376446bf697df6d101881:not(:hover) .soc-icon {\n  color: #2e2b36;\n  background: none;\n}\n.dt-shortcode-soc-icons a.single-soc-icon-cc206e92e58376446bf697df6d101881 .soc-font-icon,\n.dt-shortcode-soc-icons a.single-soc-icon-cc206e92e58376446bf697df6d101881 .soc-icon {\n  font-size: 24px;\n}<\/style><a title=\"Instagram\" href=\"https:\/\/www.instagram.com\/copisteriasantceloni\/\" target=\"_blank\" class=\"instagram single-soc-icon-cc206e92e58376446bf697df6d101881 dt-icon-bg-off dt-icon-border-on dt-icon-hover-bg-on\"><i class=\"soc-icon soc-font-icon dt-icon-instagram\"><\/i><span class=\"screen-reader-text\">Instagram<\/span><\/a><\/div>[\/vc_column][\/vc_row]<\/p>\n<\/div>","protected":false},"excerpt":{"rendered":"<p>[vc_row css=\u00bb.vc_custom_1679564019863{padding-top: 60px !important;padding-bottom: 60px !important;}\u00bb][vc_column width=\u00bb2\/3&#8243;][\/vc_column][vc_column width=\u00bb1\/3&#8243;][vc_column_text] Copister\u00eda Sant Celoni Crta. Vella, 138 08470 Sant Celoni Barcelona 938 67 46 00 info@copisceloni.com Ma\u00f1anas de 8:30 a 13:30 Tardes de 16:00 a 20:00 S\u00e1bados de 9:00 a 13:00[\/vc_column_text][vc_empty_space][vc_column_text] Copister\u00eda Santa Maria Carrer Sant Burget, 1 08460 Santa Maria de Palautordera Barcelona 938 48 21 11&hellip;<\/p>\n","protected":false},"author":1,"featured_media":0,"parent":0,"menu_order":0,"comment_status":"closed","ping_status":"closed","template":"","meta":{"footnotes":""},"class_list":["post-1689","page","type-page","status-publish","hentry","description-off"],"yoast_head":"<!-- This site is optimized with the Yoast SEO plugin v27.5 - https:\/\/yoast.com\/product\/yoast-seo-wordpress\/ -->\n<title>Contacto - Copisteria Sant Celoni<\/title>\n<meta name=\"robots\" content=\"index, follow, max-snippet:-1, max-image-preview:large, max-video-preview:-1\" \/>\n<link rel=\"canonical\" href=\"https:\/\/copisteriasantceloni.com\/es\/contacto\/\" \/>\n<meta property=\"og:locale\" content=\"es_ES\" \/>\n<meta property=\"og:type\" content=\"article\" \/>\n<meta property=\"og:title\" content=\"Contacto - Copisteria Sant Celoni\" \/>\n<meta property=\"og:description\" content=\"[vc_row css=\u00bb.vc_custom_1679564019863{padding-top: 60px !important;padding-bottom: 60px !important;}\u00bb][vc_column width=\u00bb2\/3&#8243;][\/vc_column][vc_column width=\u00bb1\/3&#8243;][vc_column_text] Copister\u00eda Sant Celoni Crta. Vella, 138 08470 Sant Celoni Barcelona 938 67 46 00 info@copisceloni.com Ma\u00f1anas de 8:30 a 13:30 Tardes de 16:00 a 20:00 S\u00e1bados de 9:00 a 13:00[\/vc_column_text][vc_empty_space][vc_column_text] Copister\u00eda Santa Maria Carrer Sant Burget, 1 08460 Santa Maria de Palautordera Barcelona 938 48 21 11&hellip;\" \/>\n<meta property=\"og:url\" content=\"https:\/\/copisteriasantceloni.com\/es\/contacto\/\" \/>\n<meta property=\"og:site_name\" content=\"Copisteria Sant Celoni\" \/>\n<meta property=\"article:modified_time\" content=\"2023-03-23T09:33:42+00:00\" \/>\n<meta name=\"twitter:card\" content=\"summary_large_image\" \/>\n<meta name=\"twitter:label1\" content=\"Tiempo de lectura\" \/>\n\t<meta name=\"twitter:data1\" content=\"1 minuto\" \/>\n<script type=\"application\/ld+json\" class=\"yoast-schema-graph\">{\"@context\":\"https:\\\/\\\/schema.org\",\"@graph\":[{\"@type\":\"WebPage\",\"@id\":\"https:\\\/\\\/copisteriasantceloni.com\\\/es\\\/contacto\\\/\",\"url\":\"https:\\\/\\\/copisteriasantceloni.com\\\/es\\\/contacto\\\/\",\"name\":\"Contacto - Copisteria Sant Celoni\",\"isPartOf\":{\"@id\":\"https:\\\/\\\/copis.webtest.cat\\\/#website\"},\"datePublished\":\"2019-09-18T04:57:54+00:00\",\"dateModified\":\"2023-03-23T09:33:42+00:00\",\"breadcrumb\":{\"@id\":\"https:\\\/\\\/copisteriasantceloni.com\\\/es\\\/contacto\\\/#breadcrumb\"},\"inLanguage\":\"es\",\"potentialAction\":[{\"@type\":\"ReadAction\",\"target\":[\"https:\\\/\\\/copisteriasantceloni.com\\\/es\\\/contacto\\\/\"]}]},{\"@type\":\"BreadcrumbList\",\"@id\":\"https:\\\/\\\/copisteriasantceloni.com\\\/es\\\/contacto\\\/#breadcrumb\",\"itemListElement\":[{\"@type\":\"ListItem\",\"position\":1,\"name\":\"Inici\",\"item\":\"https:\\\/\\\/copis.webtest.cat\\\/es\\\/\"},{\"@type\":\"ListItem\",\"position\":2,\"name\":\"Contacto\"}]},{\"@type\":\"WebSite\",\"@id\":\"https:\\\/\\\/copis.webtest.cat\\\/#website\",\"url\":\"https:\\\/\\\/copis.webtest.cat\\\/\",\"name\":\"Copisteria Sant Celoni\",\"description\":\"La teva copisteria i papereria de confian\u00e7a\",\"potentialAction\":[{\"@type\":\"SearchAction\",\"target\":{\"@type\":\"EntryPoint\",\"urlTemplate\":\"https:\\\/\\\/copis.webtest.cat\\\/?s={search_term_string}\"},\"query-input\":{\"@type\":\"PropertyValueSpecification\",\"valueRequired\":true,\"valueName\":\"search_term_string\"}}],\"inLanguage\":\"es\"}]}<\/script>\n<!-- \/ Yoast SEO plugin. -->","yoast_head_json":{"title":"Contacto - Copisteria Sant Celoni","robots":{"index":"index","follow":"follow","max-snippet":"max-snippet:-1","max-image-preview":"max-image-preview:large","max-video-preview":"max-video-preview:-1"},"canonical":"https:\/\/copisteriasantceloni.com\/es\/contacto\/","og_locale":"es_ES","og_type":"article","og_title":"Contacto - Copisteria Sant Celoni","og_description":"[vc_row css=\u00bb.vc_custom_1679564019863{padding-top: 60px !important;padding-bottom: 60px !important;}\u00bb][vc_column width=\u00bb2\/3&#8243;][\/vc_column][vc_column width=\u00bb1\/3&#8243;][vc_column_text] Copister\u00eda Sant Celoni Crta. Vella, 138 08470 Sant Celoni Barcelona 938 67 46 00 info@copisceloni.com Ma\u00f1anas de 8:30 a 13:30 Tardes de 16:00 a 20:00 S\u00e1bados de 9:00 a 13:00[\/vc_column_text][vc_empty_space][vc_column_text] Copister\u00eda Santa Maria Carrer Sant Burget, 1 08460 Santa Maria de Palautordera Barcelona 938 48 21 11&hellip;","og_url":"https:\/\/copisteriasantceloni.com\/es\/contacto\/","og_site_name":"Copisteria Sant Celoni","article_modified_time":"2023-03-23T09:33:42+00:00","twitter_card":"summary_large_image","twitter_misc":{"Tiempo de lectura":"1 minuto"},"schema":{"@context":"https:\/\/schema.org","@graph":[{"@type":"WebPage","@id":"https:\/\/copisteriasantceloni.com\/es\/contacto\/","url":"https:\/\/copisteriasantceloni.com\/es\/contacto\/","name":"Contacto - Copisteria Sant Celoni","isPartOf":{"@id":"https:\/\/copis.webtest.cat\/#website"},"datePublished":"2019-09-18T04:57:54+00:00","dateModified":"2023-03-23T09:33:42+00:00","breadcrumb":{"@id":"https:\/\/copisteriasantceloni.com\/es\/contacto\/#breadcrumb"},"inLanguage":"es","potentialAction":[{"@type":"ReadAction","target":["https:\/\/copisteriasantceloni.com\/es\/contacto\/"]}]},{"@type":"BreadcrumbList","@id":"https:\/\/copisteriasantceloni.com\/es\/contacto\/#breadcrumb","itemListElement":[{"@type":"ListItem","position":1,"name":"Inici","item":"https:\/\/copis.webtest.cat\/es\/"},{"@type":"ListItem","position":2,"name":"Contacto"}]},{"@type":"WebSite","@id":"https:\/\/copis.webtest.cat\/#website","url":"https:\/\/copis.webtest.cat\/","name":"Copisteria Sant Celoni","description":"La teva copisteria i papereria de confian\u00e7a","potentialAction":[{"@type":"SearchAction","target":{"@type":"EntryPoint","urlTemplate":"https:\/\/copis.webtest.cat\/?s={search_term_string}"},"query-input":{"@type":"PropertyValueSpecification","valueRequired":true,"valueName":"search_term_string"}}],"inLanguage":"es"}]}},"_links":{"self":[{"href":"https:\/\/copisteriasantceloni.com\/es\/wp-json\/wp\/v2\/pages\/1689","targetHints":{"allow":["GET"]}}],"collection":[{"href":"https:\/\/copisteriasantceloni.com\/es\/wp-json\/wp\/v2\/pages"}],"about":[{"href":"https:\/\/copisteriasantceloni.com\/es\/wp-json\/wp\/v2\/types\/page"}],"author":[{"embeddable":true,"href":"https:\/\/copisteriasantceloni.com\/es\/wp-json\/wp\/v2\/users\/1"}],"replies":[{"embeddable":true,"href":"https:\/\/copisteriasantceloni.com\/es\/wp-json\/wp\/v2\/comments?post=1689"}],"version-history":[{"count":19,"href":"https:\/\/copisteriasantceloni.com\/es\/wp-json\/wp\/v2\/pages\/1689\/revisions"}],"predecessor-version":[{"id":1801,"href":"https:\/\/copisteriasantceloni.com\/es\/wp-json\/wp\/v2\/pages\/1689\/revisions\/1801"}],"wp:attachment":[{"href":"https:\/\/copisteriasantceloni.com\/es\/wp-json\/wp\/v2\/media?parent=1689"}],"curies":[{"name":"wp","href":"https:\/\/api.w.org\/{rel}","templated":true}]}}